{"id":97,"date":"2021-06-07T13:23:26","date_gmt":"2021-06-07T13:23:26","guid":{"rendered":"https:\/\/uopazin.com.hr\/?page_id=97"},"modified":"2025-03-07T12:05:06","modified_gmt":"2025-03-07T12:05:06","slug":"tijela-udruzenja","status":"publish","type":"page","link":"https:\/\/uopazin.hr\/?page_id=97","title":{"rendered":"Tijela udru\u017eenja"},"content":{"rendered":"\r\n<p><strong>MANDAT 2022. &#8211; 2026.<\/strong><\/p>\r\n<p><strong>Predsjednica Udru\u017eenja obrtnika Pazin&nbsp;<\/strong><\/p>\r\n\r\n\r\n\r\n<ul class=\"wp-block-list\">\r\n<li>Karmen Ga\u0161parini<\/li>\r\n<\/ul>\r\n\r\n\r\n\r\n<p><strong>Potpredsjednik Udru\u017eenja obrtnika Pazin<\/strong><\/p>\r\n\r\n\r\n\r\n<ul class=\"wp-block-list\">\r\n<li>Dean Mati\u0107<\/li>\r\n<\/ul>\r\n\r\n\r\n\r\n<p><strong>\u010clanovi Upravnog odbora<\/strong><\/p>\r\n\r\n\r\n\r\n<ul class=\"wp-block-list\">\r\n<li>Svetlana Buljan<\/li>\r\n<li>Sandra Mare\u010di\u0107<\/li>\r\n<li>Alida Vadanjel<\/li>\r\n<li>Valentina Del\u0161eno Vituli\u0107<\/li>\r\n<li>Vedran \u0160\u0107ulac<\/li>\r\n<li>Dean Mati\u0107<\/li>\r\n<li>Bernard Konti\u0107<\/li>\r\n<li>Elida Ton\u010dini\u0107<\/li>\r\n<li>Fabijan \u0160krlj<\/li>\r\n<li>Irenka Brajkovi\u0107<\/li>\r\n<\/ul>\r\n\r\n\r\n\r\n<p><strong>Predstavnici Udru\u017eenja obrtnika Pazin u Skup\u0161tini Obrtni\u010dke komore Istarske \u017eupanije (OKI\u017d)<\/strong><\/p>\r\n\r\n\r\n\r\n<ul class=\"wp-block-list\">\r\n<li>Karmen Ga\u0161parini, potpredsjednica OKI\u017d-a,&nbsp; \u010dlan Skup\u0161tine OKI\u017d-a, \u010dlan Upravnog odbora OKI\u017d-a<\/li>\r\n<li>Dean Mati\u0107, \u010dlan Skup\u0161tine OKI\u017d-a, \u010dlan Upravnog odbora OKI\u017d-a<\/li>\r\n<li>Vedran \u0160\u0107ulac, \u010dlan Skup\u0161tine<\/li>\r\n<li>Bernard Konti\u0107, \u010dlan Skup\u0161tine<\/li>\r\n<\/ul>\r\n\r\n\r\n\r\n<p><strong>SKUP\u0160TINA UDRU\u017dENJA OBRTNIKA PAZIN<\/strong><\/p>\r\n\r\n\r\n\r\n<ul class=\"wp-block-list\">\r\n<li>Sandi Merleta<\/li>\r\n<li>Radojka Smokovi\u0107<\/li>\r\n<li>Alida Vadanjel<\/li>\r\n<li>Goran Bla\u0161kovi\u0107<\/li>\r\n<li>Vedran \u0160\u0107ulac<\/li>\r\n<li>Dean Mati\u0107<\/li>\r\n<li>Dean Udovi\u010di\u0107<\/li>\r\n<li>Elida Ton\u010dini\u0107<\/li>\r\n<li>Nenad Mareti\u0107<\/li>\r\n<li>Irenka Brajkovi\u0107<\/li>\r\n<li>Margareta Marin\u010di\u0107 Ja\u0161i\u0107<\/li>\r\n<li>Danijel Antolovi\u0107<\/li>\r\n<li>Marijan Gortan<\/li>\r\n<li>Valentina Del\u0161eno Vituli\u0107<\/li>\r\n<li>Karmen Ga\u0161parini<\/li>\r\n<li>Svetlana Buljan<\/li>\r\n<li>Bernard Konti\u0107<\/li>\r\n<li>Sandra Mare\u010di\u0107<\/li>\r\n<li>Darko Hrelja<\/li>\r\n<li>Svjetlan Hrvatin<\/li>\r\n<li>Fabijan \u0160krlj<\/li>\r\n<\/ul>\r\n\r\n\r\n\r\n<p><strong>NADZORNI ODBOR UDRU\u017dENJA OBRTNIKA PAZIN<\/strong><\/p>\r\n<p>Gledis Legovi\u0107, predsjednica<\/p>\r\n<p>Iva Katalini\u0107, \u010dlanica<\/p>\r\n<p>Silvia Belac, \u010dlanica<\/p>\r\n<p>&nbsp;<\/p>\r\n","protected":false},"excerpt":{"rendered":"<p>MANDAT 2022. &#8211; 2026. Predsjednica Udru\u017eenja obrtnika Pazin&nbsp; Karmen Ga\u0161parini Potpredsjednik Udru\u017eenja obrtnika Pazin Dean Mati\u0107 \u010clanovi Upravnog odbora Svetlana Buljan Sandra Mare\u010di\u0107 Alida Vadanjel Valentina Del\u0161eno Vituli\u0107 Vedran \u0160\u0107ulac Dean Mati\u0107 Bernard Konti\u0107 Elida Ton\u010dini\u0107 Fabijan \u0160krlj Irenka Brajkovi\u0107 Predstavnici Udru\u017eenja obrtnika Pazin u Skup\u0161tini Obrtni\u010dke komore Istarske \u017eupanije (OKI\u017d) Karmen Ga\u0161parini, potpredsjednica OKI\u017d-a,&nbsp;&hellip;&nbsp;<a href=\"https:\/\/uopazin.hr\/?page_id=97\" class=\"\" rel=\"bookmark\">Vi\u0161e &raquo;<span class=\"screen-reader-text\">Tijela udru\u017eenja<\/span><\/a><\/p>\n","protected":false},"author":1,"featured_media":0,"parent":0,"menu_order":0,"comment_status":"closed","ping_status":"closed","template":"","meta":{"neve_meta_sidebar":"full-width","neve_meta_container":"","neve_meta_enable_content_width":"on","neve_meta_content_width":100,"neve_meta_title_alignment":"","neve_meta_author_avatar":"","neve_post_elements_order":"","neve_meta_disable_header":"","neve_meta_disable_footer":"","neve_meta_disable_title":"","ngg_post_thumbnail":0,"footnotes":""},"class_list":["post-97","page","type-page","status-publish","hentry"],"_links":{"self":[{"href":"https:\/\/uopazin.hr\/index.php?rest_route=\/wp\/v2\/pages\/97","targetHints":{"allow":["GET"]}}],"collection":[{"href":"https:\/\/uopazin.hr\/index.php?rest_route=\/wp\/v2\/pages"}],"about":[{"href":"https:\/\/uopazin.hr\/index.php?rest_route=\/wp\/v2\/types\/page"}],"author":[{"embeddable":true,"href":"https:\/\/uopazin.hr\/index.php?rest_route=\/wp\/v2\/users\/1"}],"replies":[{"embeddable":true,"href":"https:\/\/uopazin.hr\/index.php?rest_route=%2Fwp%2Fv2%2Fcomments&post=97"}],"version-history":[{"count":9,"href":"https:\/\/uopazin.hr\/index.php?rest_route=\/wp\/v2\/pages\/97\/revisions"}],"predecessor-version":[{"id":3363,"href":"https:\/\/uopazin.hr\/index.php?rest_route=\/wp\/v2\/pages\/97\/revisions\/3363"}],"wp:attachment":[{"href":"https:\/\/uopazin.hr\/index.php?rest_route=%2Fwp%2Fv2%2Fmedia&parent=97"}],"curies":[{"name":"wp","href":"https:\/\/api.w.org\/{rel}","templated":true}]}}