{"id":71,"date":"2014-03-27T13:17:38","date_gmt":"2014-03-27T13:17:38","guid":{"rendered":"https:\/\/uopazin.com.hr\/?page_id=71"},"modified":"2021-10-06T11:15:13","modified_gmt":"2021-10-06T11:15:13","slug":"tehnika-tehnologija-i-inovacije","status":"publish","type":"page","link":"https:\/\/uopazin.hr\/?page_id=71","title":{"rendered":"Tehnika, tehnologija i inovacije"},"content":{"rendered":"<ul>\n<li><a title=\"Grupa F1 Energija i promet\" href=\"http:\/\/infos.hok.hr\/faq\/f_tehnicka_pitanja\/f1_energija_i_promet\">F1 Energija i promet<\/a><\/li>\n<li><a title=\"Grupa F2 Organizacija rada\" href=\"http:\/\/infos.hok.hr\/faq\/f_tehnicka_pitanja\/f2_organizacija_rada\">F2 Organizacija rada<\/a><\/li>\n<li><a title=\"Grupa F3 Tehnika i graditeljstvo\" href=\"http:\/\/infos.hok.hr\/faq\/f_tehnicka_pitanja\/f3_tehnika_i_graditeljstvo\">F3 Tehnika i graditeljstvo<\/a><\/li>\n<li><a title=\"Grupa F5 Informatizacija\" href=\"http:\/\/infos.hok.hr\/faq\/f_tehnicka_pitanja\/f5_informatizacija\">F5 Informatizacija<\/a><\/li>\n<li><a title=\"Grupa F6 Propisi, norme i standardi\" href=\"http:\/\/infos.hok.hr\/faq\/f_tehnicka_pitanja\/f6_propisi_norme_i_standardi\">F6 Propisi, norme i standardi<\/a><\/li>\n<li><a title=\"Grupa F7 Inovacije patenti i licence\" href=\"http:\/\/infos.hok.hr\/faq\/f_tehnicka_pitanja\/f7_inovacije_patenti_i_licence\">F7 Inovacije patenti i licence<\/a><\/li>\n<li><a title=\"Grupa F8 Za\u0161tita na radu\" href=\"http:\/\/infos.hok.hr\/faq\/f_tehnicka_pitanja\/f8_zastita_na_radu\">F8 Za\u0161tita na radu<\/a><\/li>\n<li><a title=\"Grupa F9 Za\u0161tita okoline\" href=\"http:\/\/infos.hok.hr\/faq\/f_tehnicka_pitanja\/f9_zastita_okoline\">F9 Za\u0161tita okoline<\/a><\/li>\n<li><a title=\"Grupa F11 Uskla\u0111ivanje - eu\" href=\"http:\/\/infos.hok.hr\/faq\/f_tehnicka_pitanja\/f11_uskladivanje_eu\">F11 Uskla\u0111ivanje \u2013 eu<\/a><\/li>\n<\/ul>\n","protected":false},"excerpt":{"rendered":"<p>F1 Energija i promet F2 Organizacija rada F3 Tehnika i graditeljstvo F5 Informatizacija F6 Propisi, norme i standardi F7 Inovacije patenti i licence F8 Za\u0161tita na radu F9 Za\u0161tita okoline F11 Uskla\u0111ivanje \u2013 eu<\/p>\n","protected":false},"author":1,"featured_media":0,"parent":0,"menu_order":0,"comment_status":"closed","ping_status":"closed","template":"","meta":{"neve_meta_sidebar":"right","neve_meta_container":"","neve_meta_enable_content_width":"off","neve_meta_content_width":0,"neve_meta_title_alignment":"","neve_meta_author_avatar":"","neve_post_elements_order":"","neve_meta_disable_header":"","neve_meta_disable_footer":"","neve_meta_disable_title":"","ngg_post_thumbnail":0,"footnotes":""},"class_list":["post-71","page","type-page","status-publish","hentry"],"_links":{"self":[{"href":"https:\/\/uopazin.hr\/index.php?rest_route=\/wp\/v2\/pages\/71","targetHints":{"allow":["GET"]}}],"collection":[{"href":"https:\/\/uopazin.hr\/index.php?rest_route=\/wp\/v2\/pages"}],"about":[{"href":"https:\/\/uopazin.hr\/index.php?rest_route=\/wp\/v2\/types\/page"}],"author":[{"embeddable":true,"href":"https:\/\/uopazin.hr\/index.php?rest_route=\/wp\/v2\/users\/1"}],"replies":[{"embeddable":true,"href":"https:\/\/uopazin.hr\/index.php?rest_route=%2Fwp%2Fv2%2Fcomments&post=71"}],"version-history":[{"count":3,"href":"https:\/\/uopazin.hr\/index.php?rest_route=\/wp\/v2\/pages\/71\/revisions"}],"predecessor-version":[{"id":157,"href":"https:\/\/uopazin.hr\/index.php?rest_route=\/wp\/v2\/pages\/71\/revisions\/157"}],"wp:attachment":[{"href":"https:\/\/uopazin.hr\/index.php?rest_route=%2Fwp%2Fv2%2Fmedia&parent=71"}],"curies":[{"name":"wp","href":"https:\/\/api.w.org\/{rel}","templated":true}]}}